{"id":3848,"date":"2018-09-12T18:24:05","date_gmt":"2018-09-12T18:24:05","guid":{"rendered":"https:\/\/www.vanderwees.nl\/new\/?page_id=3848"},"modified":"2024-07-26T08:52:10","modified_gmt":"2024-07-26T08:52:10","slug":"voorbeeld-pagina","status":"publish","type":"page","link":"https:\/\/www.vanderwees.nl\/de\/","title":{"rendered":"Koninklijke Van der Wees Transporte"},"content":{"rendered":"<p><strong>Wer ratlos ist, wie er etwas von A nach B bef\u00f6rdern kann, ist bei der Koninklijke van der Wees Gruppe an der richtigen Adresse.<\/strong><\/p>\n<p>Als besonderer Transportexperte sind wir bereits seit Jahren auf ma\u00dfgeschneiderte L\u00f6sungen f\u00fcr Lagerung und Umschlag sowie speziellen Transport \u00fcber Land und Wasser spezialisiert.<br \/>\nVan der Wees und Transport gehen Hand in Hand und die drei wichtigsten S\u00e4ulen, die unser Unternehmen st\u00fctzen, sind Stra\u00dfentransport, Wassertransport und Logistik. Durch die Kombination von Know-how, erfahrenen Mitarbeitern und eigenem Material ist Van der Wees handlungsf\u00e4hig und kundenorientiert. Unsere T\u00fcr steht jederzeit offen &#8211; our Mission is yours!<\/p>\n","protected":false},"excerpt":{"rendered":"<p>Wer ratlos ist, wie er etwas von A nach B bef\u00f6rdern kann, ist bei der Koninklijke van der Wees Gruppe an der richtigen Adresse. Als besonderer Transportexperte sind wir bereits seit Jahren auf ma\u00dfgeschneiderte L\u00f6sungen f\u00fcr Lagerung und Umschlag sowie speziellen Transport \u00fcber Land und &hellip;<\/p>\n","protected":false},"author":1,"featured_media":0,"parent":0,"menu_order":6,"comment_status":"closed","ping_status":"closed","template":"","meta":{"_acf_changed":false,"footnotes":""},"class_list":["post-3848","page","type-page","status-publish","hentry"],"acf":[],"_links":{"self":[{"href":"https:\/\/www.vanderwees.nl\/de\/wp-json\/wp\/v2\/pages\/3848"}],"collection":[{"href":"https:\/\/www.vanderwees.nl\/de\/wp-json\/wp\/v2\/pages"}],"about":[{"href":"https:\/\/www.vanderwees.nl\/de\/wp-json\/wp\/v2\/types\/page"}],"author":[{"embeddable":true,"href":"https:\/\/www.vanderwees.nl\/de\/wp-json\/wp\/v2\/users\/1"}],"replies":[{"embeddable":true,"href":"https:\/\/www.vanderwees.nl\/de\/wp-json\/wp\/v2\/comments?post=3848"}],"version-history":[{"count":3,"href":"https:\/\/www.vanderwees.nl\/de\/wp-json\/wp\/v2\/pages\/3848\/revisions"}],"predecessor-version":[{"id":3851,"href":"https:\/\/www.vanderwees.nl\/de\/wp-json\/wp\/v2\/pages\/3848\/revisions\/3851"}],"wp:attachment":[{"href":"https:\/\/www.vanderwees.nl\/de\/wp-json\/wp\/v2\/media?parent=3848"}],"curies":[{"name":"wp","href":"https:\/\/api.w.org\/{rel}","templated":true}]}}