{"id":3860,"date":"2018-10-01T13:49:50","date_gmt":"2018-10-01T13:49:50","guid":{"rendered":"https:\/\/www.vanderwees.nl\/new\/fachgebiete\/logistiek\/"},"modified":"2024-10-16T20:42:05","modified_gmt":"2024-10-16T19:42:05","slug":"logistik","status":"publish","type":"page","link":"https:\/\/www.vanderwees.nl\/de\/fachgebiete\/logistik\/","title":{"rendered":"Logistik"},"content":{"rendered":"<p><strong>Lagerung und Umschlag von St\u00fcckg\u00fctern, Stahlrohren, Spundw\u00e4nden und Stripping und Stuffing von Containern &#8211; bei Van der Wees ist alles m\u00f6glich. Mit einem 550 Meter langen Kai und unserem Kaikran mit einer Kapazit\u00e4t von 104 Tonnen k\u00f6nnen wir viele Projekte realisieren. Lagerung und Umschlag im weitesten Sinne.<\/strong><\/p>\n<p>Unsere Kapazit\u00e4t wird regelm\u00e4\u00dfig f\u00fcr unter anderem Montage- und Demontagedienstleistungen f\u00fcr den Offshore-Markt oder f\u00fcr die Umladung von Kaskos genutzt. Unter die S\u00e4ule Logistik fallen zudem die <strong>Value Added Logistics<\/strong>.\u00a0Man denke hierbei an das S\u00e4gen von Rohren und Spundwand, das Schieben und Stanzen einer Spundwand, das Schneiden von Hubl\u00f6chern sowie die Kennzeichnung und Umstempelung von Stahl.<\/p>\n<p>Unser Kaikran kann in 23 Metern H\u00f6he 104 Tonnen heben und sage und schreibe 40 Container pro Stunde entladen. So setzen wir gro\u00dfe sowie vor allem kurzfristige Projekte problemlos um.<br \/>\nMit der direkten Verbindung zur A16-E19, einem Gleisanschluss vor der T\u00fcr und dem Kai direkt an der Oude Maas sind wir Ihr Partner f\u00fcr jede Logistikfrage.<\/p>\n<h3>Bestandsverwaltung<\/h3>\n<p><strong>Gerne k\u00fcmmern wir uns auch um die (Online-)Bestandsverwaltung Ihrer gelagerten G\u00fcter.<\/strong> \u00dcber den unten stehenden Link k\u00f6nnen Sie sich in die Bestandsverwaltung von Van der Wees Logistik einloggen.<\/p>\n<p><a href=\"http:\/\/www.vanderweeslogistiek.nl\" target=\"_blank\" rel=\"noopener\">www.vanderweeslogistiek.nl<\/a><\/p>\n","protected":false},"excerpt":{"rendered":"<p>Lagerung und Umschlag von St\u00fcckg\u00fctern, Stahlrohren, Spundw\u00e4nden und Stripping und Stuffing von Containern &#8211; bei Van der Wees ist alles m\u00f6glich. Mit einem 550 Meter langen Kai und unserem Kaikran mit einer Kapazit\u00e4t von 104 Tonnen k\u00f6nnen wir viele Projekte realisieren. Lagerung und Umschlag im &hellip;<\/p>\n","protected":false},"author":1,"featured_media":3788,"parent":3854,"menu_order":14,"comment_status":"closed","ping_status":"closed","template":"page-expertise.php","meta":{"_acf_changed":false,"footnotes":""},"class_list":["post-3860","page","type-page","status-publish","has-post-thumbnail","hentry"],"acf":[],"_links":{"self":[{"href":"https:\/\/www.vanderwees.nl\/de\/wp-json\/wp\/v2\/pages\/3860"}],"collection":[{"href":"https:\/\/www.vanderwees.nl\/de\/wp-json\/wp\/v2\/pages"}],"about":[{"href":"https:\/\/www.vanderwees.nl\/de\/wp-json\/wp\/v2\/types\/page"}],"author":[{"embeddable":true,"href":"https:\/\/www.vanderwees.nl\/de\/wp-json\/wp\/v2\/users\/1"}],"replies":[{"embeddable":true,"href":"https:\/\/www.vanderwees.nl\/de\/wp-json\/wp\/v2\/comments?post=3860"}],"version-history":[{"count":5,"href":"https:\/\/www.vanderwees.nl\/de\/wp-json\/wp\/v2\/pages\/3860\/revisions"}],"predecessor-version":[{"id":4602,"href":"https:\/\/www.vanderwees.nl\/de\/wp-json\/wp\/v2\/pages\/3860\/revisions\/4602"}],"up":[{"embeddable":true,"href":"https:\/\/www.vanderwees.nl\/de\/wp-json\/wp\/v2\/pages\/3854"}],"wp:featuredmedia":[{"embeddable":true,"href":"https:\/\/www.vanderwees.nl\/de\/wp-json\/wp\/v2\/media\/3788"}],"wp:attachment":[{"href":"https:\/\/www.vanderwees.nl\/de\/wp-json\/wp\/v2\/media?parent=3860"}],"curies":[{"name":"wp","href":"https:\/\/api.w.org\/{rel}","templated":true}]}}