{"id":3896,"date":"2018-10-01T13:49:39","date_gmt":"2018-10-01T13:49:39","guid":{"rendered":"https:\/\/www.vanderwees.nl\/new\/fachgebiete\/wegtransporten\/"},"modified":"2024-10-21T12:48:33","modified_gmt":"2024-10-21T11:48:33","slug":"strassentransport","status":"publish","type":"page","link":"https:\/\/www.vanderwees.nl\/de\/fachgebiete\/strassentransport\/","title":{"rendered":"Strassentransport"},"content":{"rendered":"<p><strong>Van der Wees und Transport gehen Hand in Hand. In Bezug auf den Stra\u00dfentransport sind wir Experte auf dem Gebiet der langen Transporte, dem bekannten \u201eSchwertransport\u201c. Transporte bis zu einer L\u00e4nge von 36 Mtr sind f\u00fcr uns kein Problem, womit Van der Wees sich von anderen Dienstleistern unterscheidet.<\/strong><\/p>\n<p>Schon seit 1907 bietet <strong>Koninklijke Van der Wees Wegtransporten BV<\/strong> speziellen Stra\u00dfentransport an &#8211; von einer sachkundigen Vorbereitung bis hin zur Ausf\u00fchrung durch erfahrene Mitarbeiter. Wir verf\u00fcgen \u00fcber einen umfangreichen und sehr vielseitigen Fuhrpark mit unter anderem Aufliegern f\u00fcr Transporte bis 36 Meter sowie \u00fcber schwere Lkw mit 5-achsigem Semi-Tieflader f\u00fcr bis zu 3,10 m hohe Ladungen. Unsere neuesten ausziehbaren Auflieger k\u00f6nnen sogar Transporte von bis zu einer L\u00e4nge von 36 Metern realisieren. Man denke hierbei an die Bef\u00f6rderung von Stahlkonstruktionen.<br \/>\nInzwischen sind wir in ganz Europa t\u00e4tig, mit einem deutlichen Fokus auf die Benelux-Staaten, Deutschland und Frankreich. Hierf\u00fcr haben wir langfristige Genehmigungen und Freistellungen.<\/p>\n<p><strong>F\u00fcr jeden Transport eine passende L\u00f6sung!<\/strong><\/p>\n","protected":false},"excerpt":{"rendered":"<p>Van der Wees und Transport gehen Hand in Hand. In Bezug auf den Stra\u00dfentransport sind wir Experte auf dem Gebiet der langen Transporte, dem bekannten \u201eSchwertransport\u201c. Transporte bis zu einer L\u00e4nge von 36 Mtr sind f\u00fcr uns kein Problem, womit Van der Wees sich von &hellip;<\/p>\n","protected":false},"author":1,"featured_media":4141,"parent":3854,"menu_order":22,"comment_status":"closed","ping_status":"closed","template":"page-expertise.php","meta":{"_acf_changed":false,"footnotes":""},"class_list":["post-3896","page","type-page","status-publish","has-post-thumbnail","hentry"],"acf":[],"_links":{"self":[{"href":"https:\/\/www.vanderwees.nl\/de\/wp-json\/wp\/v2\/pages\/3896"}],"collection":[{"href":"https:\/\/www.vanderwees.nl\/de\/wp-json\/wp\/v2\/pages"}],"about":[{"href":"https:\/\/www.vanderwees.nl\/de\/wp-json\/wp\/v2\/types\/page"}],"author":[{"embeddable":true,"href":"https:\/\/www.vanderwees.nl\/de\/wp-json\/wp\/v2\/users\/1"}],"replies":[{"embeddable":true,"href":"https:\/\/www.vanderwees.nl\/de\/wp-json\/wp\/v2\/comments?post=3896"}],"version-history":[{"count":8,"href":"https:\/\/www.vanderwees.nl\/de\/wp-json\/wp\/v2\/pages\/3896\/revisions"}],"predecessor-version":[{"id":4707,"href":"https:\/\/www.vanderwees.nl\/de\/wp-json\/wp\/v2\/pages\/3896\/revisions\/4707"}],"up":[{"embeddable":true,"href":"https:\/\/www.vanderwees.nl\/de\/wp-json\/wp\/v2\/pages\/3854"}],"wp:featuredmedia":[{"embeddable":true,"href":"https:\/\/www.vanderwees.nl\/de\/wp-json\/wp\/v2\/media\/4141"}],"wp:attachment":[{"href":"https:\/\/www.vanderwees.nl\/de\/wp-json\/wp\/v2\/media?parent=3896"}],"curies":[{"name":"wp","href":"https:\/\/api.w.org\/{rel}","templated":true}]}}