{"id":3919,"date":"2024-07-26T09:26:39","date_gmt":"2024-07-26T09:26:39","guid":{"rendered":"https:\/\/www.vanderwees.nl\/new\/?page_id=3919"},"modified":"2024-10-21T12:51:26","modified_gmt":"2024-10-21T11:51:26","slug":"wassertransport","status":"publish","type":"page","link":"https:\/\/www.vanderwees.nl\/de\/fachgebiete\/wassertransport\/","title":{"rendered":"Wassertransport"},"content":{"rendered":"<p><strong>Jeder Transport, der aufgrund von Gewicht oder Abmessungen nicht \u00fcber die Stra\u00dfe oder mit konventionellen Schiffen erfolgen kann, wird von Van der Wees realisiert. Mit unserer umfangreichen Flotte von Potons, Schlepp- und Schubbooten k\u00f6nnen wir jede Ladung bef\u00f6rdern.<\/strong><\/p>\n<p>Koninklijke Van der Wees Watertransporten B.V. ist schon seit Jahren auf insbesondere Wassertransport, Schleppdienstleistungen und Offshore-Services spezialisiert. Weltweit. Wir sind der Ansprechpartner, wenn jemand wirklich nicht mehr wei\u00df, wie etwas von A nach B gelangen kann. Mit der richtigen Kombination aus unseren Fahrzeugen f\u00fcr diverse Zwecke ist vieles m\u00f6glich. Regul\u00e4re Schleppdienstleistungen f\u00fcr Baggerarbeiten oder Offshore, die Lancierung von Br\u00fccken, das Aussetzen von Kaskos sowie au\u00dferdem zielgerichteter Yachttransport von der Werft zum endg\u00fcltigen Zielort.<\/p>\n<p>Van der Wees kennt sich auf den Wasserstra\u00dfen aus und kann jeden Transport durchf\u00fchren, kalkulieren und planen &#8211; f\u00fcr Binnenwasserstra\u00dfen und \u00dcbersee. Dar\u00fcber hinaus sind wir aufgrund unserer Fachkenntnisse mit verschiedenen Beh\u00f6rden vertraut und wissen genau, an welche Beh\u00f6rde wir uns f\u00fcr das Einholen einer Genehmigung wenden m\u00fcssen. Wir kennen die Engp\u00e4sse und k\u00f6nnen dementsprechend reagieren. All das haben wir einem starken Team aus erfahrenen Schiffern, Bauf\u00fchrern und Projektmanagern zu verdanken.<\/p>\n","protected":false},"excerpt":{"rendered":"<p>Jeder Transport, der aufgrund von Gewicht oder Abmessungen nicht \u00fcber die Stra\u00dfe oder mit konventionellen Schiffen erfolgen kann, wird von Van der Wees realisiert. Mit unserer umfangreichen Flotte von Potons, Schlepp- und Schubbooten k\u00f6nnen wir jede Ladung bef\u00f6rdern. Koninklijke Van der Wees Watertransporten B.V. ist &hellip;<\/p>\n","protected":false},"author":1,"featured_media":2351,"parent":3854,"menu_order":31,"comment_status":"closed","ping_status":"closed","template":"page-expertise.php","meta":{"_acf_changed":false,"footnotes":""},"class_list":["post-3919","page","type-page","status-publish","has-post-thumbnail","hentry"],"acf":[],"_links":{"self":[{"href":"https:\/\/www.vanderwees.nl\/de\/wp-json\/wp\/v2\/pages\/3919"}],"collection":[{"href":"https:\/\/www.vanderwees.nl\/de\/wp-json\/wp\/v2\/pages"}],"about":[{"href":"https:\/\/www.vanderwees.nl\/de\/wp-json\/wp\/v2\/types\/page"}],"author":[{"embeddable":true,"href":"https:\/\/www.vanderwees.nl\/de\/wp-json\/wp\/v2\/users\/1"}],"replies":[{"embeddable":true,"href":"https:\/\/www.vanderwees.nl\/de\/wp-json\/wp\/v2\/comments?post=3919"}],"version-history":[{"count":2,"href":"https:\/\/www.vanderwees.nl\/de\/wp-json\/wp\/v2\/pages\/3919\/revisions"}],"predecessor-version":[{"id":4604,"href":"https:\/\/www.vanderwees.nl\/de\/wp-json\/wp\/v2\/pages\/3919\/revisions\/4604"}],"up":[{"embeddable":true,"href":"https:\/\/www.vanderwees.nl\/de\/wp-json\/wp\/v2\/pages\/3854"}],"wp:featuredmedia":[{"embeddable":true,"href":"https:\/\/www.vanderwees.nl\/de\/wp-json\/wp\/v2\/media\/2351"}],"wp:attachment":[{"href":"https:\/\/www.vanderwees.nl\/de\/wp-json\/wp\/v2\/media?parent=3919"}],"curies":[{"name":"wp","href":"https:\/\/api.w.org\/{rel}","templated":true}]}}