{"id":3929,"date":"2018-10-02T13:50:09","date_gmt":"2018-10-02T13:50:09","guid":{"rendered":"https:\/\/www.vanderwees.nl\/new\/?page_id=3929"},"modified":"2024-07-26T09:38:24","modified_gmt":"2024-07-26T09:38:24","slug":"fuhrpark","status":"publish","type":"page","link":"https:\/\/www.vanderwees.nl\/de\/fachgebiete\/strassentransport\/fuhrpark\/","title":{"rendered":"Unseren Fuhrpark"},"content":{"rendered":"<p>Dank unserer jahrelangen Erfahrung mit verschiedenen Transportanforderungen verf\u00fcgt die Koninklijke Van der Wees Gruppe \u00fcber einen sehr vielseitigen Fuhrpark. Wir k\u00f6nnen alle Ladungen bis zur einer L\u00e4nge von 55 Metern und einem Gewicht von bis zu 45 Tonnen (schwerer ist auf Aufrage m\u00f6glich) ungeteilt bef\u00f6rdern. Breite und H\u00f6he sind unbestimmt (abh\u00e4ngig von Strecke und Genehmigung). <\/p>\n<h2>Eine Auswahl aus unserem Material<\/h2>\n<ul>\n<li>18 Lkw<\/li>\n<li>Lkw mit Kran und Mitnahmegabelstapler<\/li>\n<li>Citytrailer<\/li>\n<li>Mehr als 20 Auflieger<\/li>\n<li>Semi-Tieflader<\/li>\n<li>2 Kran-Auflieger<\/li>\n<\/ul>\n<p>Diverse Lkw und Auflieger eignen sich f\u00fcr die Bef\u00f6rderung gef\u00e4hrlicher G\u00fcter (ADR\/VLG) durch erfahrene Mitarbeiter.<\/p>\n","protected":false},"excerpt":{"rendered":"<p>Dank unserer jahrelangen Erfahrung mit verschiedenen Transportanforderungen verf\u00fcgt die Koninklijke Van der Wees Gruppe \u00fcber einen sehr vielseitigen Fuhrpark. Wir k\u00f6nnen alle Ladungen bis zur einer L\u00e4nge von 55 Metern und einem Gewicht von bis zu 45 Tonnen (schwerer ist auf Aufrage m\u00f6glich) ungeteilt bef\u00f6rdern. &hellip;<\/p>\n","protected":false},"author":1,"featured_media":5964,"parent":3896,"menu_order":12,"comment_status":"closed","ping_status":"closed","template":"","meta":{"_acf_changed":false,"footnotes":""},"class_list":["post-3929","page","type-page","status-publish","has-post-thumbnail","hentry"],"acf":[],"_links":{"self":[{"href":"https:\/\/www.vanderwees.nl\/de\/wp-json\/wp\/v2\/pages\/3929"}],"collection":[{"href":"https:\/\/www.vanderwees.nl\/de\/wp-json\/wp\/v2\/pages"}],"about":[{"href":"https:\/\/www.vanderwees.nl\/de\/wp-json\/wp\/v2\/types\/page"}],"author":[{"embeddable":true,"href":"https:\/\/www.vanderwees.nl\/de\/wp-json\/wp\/v2\/users\/1"}],"replies":[{"embeddable":true,"href":"https:\/\/www.vanderwees.nl\/de\/wp-json\/wp\/v2\/comments?post=3929"}],"version-history":[{"count":3,"href":"https:\/\/www.vanderwees.nl\/de\/wp-json\/wp\/v2\/pages\/3929\/revisions"}],"predecessor-version":[{"id":3940,"href":"https:\/\/www.vanderwees.nl\/de\/wp-json\/wp\/v2\/pages\/3929\/revisions\/3940"}],"up":[{"embeddable":true,"href":"https:\/\/www.vanderwees.nl\/de\/wp-json\/wp\/v2\/pages\/3896"}],"wp:featuredmedia":[{"embeddable":true,"href":"https:\/\/www.vanderwees.nl\/de\/wp-json\/wp\/v2\/media\/5964"}],"wp:attachment":[{"href":"https:\/\/www.vanderwees.nl\/de\/wp-json\/wp\/v2\/media?parent=3929"}],"curies":[{"name":"wp","href":"https:\/\/api.w.org\/{rel}","templated":true}]}}