{"id":3949,"date":"2018-10-01T09:57:54","date_gmt":"2018-10-01T09:57:54","guid":{"rendered":"https:\/\/www.vanderwees.nl\/new\/fachgebiete\/wassertransport\/materieel\/"},"modified":"2024-10-21T12:52:01","modified_gmt":"2024-10-21T11:52:01","slug":"materieel","status":"publish","type":"page","link":"https:\/\/www.vanderwees.nl\/de\/fachgebiete\/wassertransport\/materieel\/","title":{"rendered":"Material"},"content":{"rendered":"<p>Nachfolgend finden Sie eine \u00dcbersicht unserer Ger\u00e4te. Sie k\u00f6nnen ein PDF mit Spezifikationen pro Artikel herunterladen.<\/p>\n","protected":false},"excerpt":{"rendered":"<p>Nachfolgend finden Sie eine \u00dcbersicht unserer Ger\u00e4te. Sie k\u00f6nnen ein PDF mit Spezifikationen pro Artikel herunterladen.<\/p>\n","protected":false},"author":1,"featured_media":2639,"parent":3919,"menu_order":17,"comment_status":"closed","ping_status":"closed","template":"page-watertransport-materieel.php","meta":{"_acf_changed":false,"footnotes":""},"class_list":["post-3949","page","type-page","status-publish","has-post-thumbnail","hentry"],"acf":[],"_links":{"self":[{"href":"https:\/\/www.vanderwees.nl\/de\/wp-json\/wp\/v2\/pages\/3949"}],"collection":[{"href":"https:\/\/www.vanderwees.nl\/de\/wp-json\/wp\/v2\/pages"}],"about":[{"href":"https:\/\/www.vanderwees.nl\/de\/wp-json\/wp\/v2\/types\/page"}],"author":[{"embeddable":true,"href":"https:\/\/www.vanderwees.nl\/de\/wp-json\/wp\/v2\/users\/1"}],"replies":[{"embeddable":true,"href":"https:\/\/www.vanderwees.nl\/de\/wp-json\/wp\/v2\/comments?post=3949"}],"version-history":[{"count":2,"href":"https:\/\/www.vanderwees.nl\/de\/wp-json\/wp\/v2\/pages\/3949\/revisions"}],"predecessor-version":[{"id":4708,"href":"https:\/\/www.vanderwees.nl\/de\/wp-json\/wp\/v2\/pages\/3949\/revisions\/4708"}],"up":[{"embeddable":true,"href":"https:\/\/www.vanderwees.nl\/de\/wp-json\/wp\/v2\/pages\/3919"}],"wp:featuredmedia":[{"embeddable":true,"href":"https:\/\/www.vanderwees.nl\/de\/wp-json\/wp\/v2\/media\/2639"}],"wp:attachment":[{"href":"https:\/\/www.vanderwees.nl\/de\/wp-json\/wp\/v2\/media?parent=3949"}],"curies":[{"name":"wp","href":"https:\/\/api.w.org\/{rel}","templated":true}]}}