{"id":3955,"date":"2018-10-02T14:30:07","date_gmt":"2018-10-02T14:30:07","guid":{"rendered":"https:\/\/www.vanderwees.nl\/new\/fachgebiete\/wassertransport\/engineering\/"},"modified":"2024-07-26T09:48:52","modified_gmt":"2024-07-26T09:48:52","slug":"engineering","status":"publish","type":"page","link":"https:\/\/www.vanderwees.nl\/de\/fachgebiete\/wassertransport\/engineering\/","title":{"rendered":"Engineering"},"content":{"rendered":"<p><strong>Die ingenieurtechnische Abteilung von Van der Wees Watertransporten k\u00fcmmert sich um eine vollst\u00e4ndige und deutliche Beschreibung Ihres Transports. Hiermit garantieren wir eine optimale Ausf\u00fchrung Ihres Projekts. <\/strong><\/p>\n<p>Wir kennen uns auf den Wasserstra\u00dfen aus und k\u00f6nnen daher jeden Transport durchf\u00fchren, kalkulieren und planen &#8211; f\u00fcr Binnenwasserstra\u00dfen und \u00dcbersee. Aufgrund unserer Fachkenntnisse sind wir mit verschiedenen Beh\u00f6rden vertraut und wissen somit genau, an welche Beh\u00f6rde wir uns wenden m\u00fcssen, wenn es unter anderem um das Einholen einer Genehmigung geht. Wir kennen zudem alle Engp\u00e4sse und wissen, was in diesem Fall zu tun ist. All das haben wir einem starken Team aus erfahrenen Schiffern, Bauf\u00fchrern und Projektmanagern zu verdanken. F\u00fcr eine optimale Durchf\u00fchrung eines Projekts nutzen wir unter anderem:<\/p>\n<ul>\n<li>CAD-Zeichnungen<\/li>\n<li>Software zur Berechnung der Stabilit\u00e4t von Pontons und f\u00fcr RoRo-M\u00f6glichkeiten<\/li>\n<li>Daten \u00fcber Wasserstra\u00dfen, -st\u00e4nde und Gezeiten<\/li>\n<li>Ballastengineering<\/li>\n<\/ul>\n<p><strong>Transportsicherheit zu einem marktkonformen Preis, 365 Tage im Jahr und 24 Stunden am Tag.<\/strong><\/p>\n<h2>Downloads<\/h2>\n<ul>\n<li><a href=\"\/wp-content\/uploads\/2018\/10\/vdw_floflo.pdf\">Float-on-\/Float-off-Konzept<\/a> (PDF)<\/li>\n<li><a href=\"\/wp-content\/uploads\/2018\/10\/vdw_roroquay.pdf\">RoRo-Kai Dordrecht<\/a> (PDF)<\/li>\n<li><a href=\"\/wp-content\/uploads\/2018\/10\/vdw_portfolio.pdf\">Einf\u00fchrung (RoRo\/Lagerung)<\/a> (PDF)<\/li>\n<\/ul>\n","protected":false},"excerpt":{"rendered":"<p>Die ingenieurtechnische Abteilung von Van der Wees Watertransporten k\u00fcmmert sich um eine vollst\u00e4ndige und deutliche Beschreibung Ihres Transports. Hiermit garantieren wir eine optimale Ausf\u00fchrung Ihres Projekts. Wir kennen uns auf den Wasserstra\u00dfen aus und k\u00f6nnen daher jeden Transport durchf\u00fchren, kalkulieren und planen &#8211; f\u00fcr Binnenwasserstra\u00dfen &hellip;<\/p>\n","protected":false},"author":1,"featured_media":0,"parent":3919,"menu_order":19,"comment_status":"closed","ping_status":"closed","template":"","meta":{"_acf_changed":false,"footnotes":""},"class_list":["post-3955","page","type-page","status-publish","hentry"],"acf":[],"_links":{"self":[{"href":"https:\/\/www.vanderwees.nl\/de\/wp-json\/wp\/v2\/pages\/3955"}],"collection":[{"href":"https:\/\/www.vanderwees.nl\/de\/wp-json\/wp\/v2\/pages"}],"about":[{"href":"https:\/\/www.vanderwees.nl\/de\/wp-json\/wp\/v2\/types\/page"}],"author":[{"embeddable":true,"href":"https:\/\/www.vanderwees.nl\/de\/wp-json\/wp\/v2\/users\/1"}],"replies":[{"embeddable":true,"href":"https:\/\/www.vanderwees.nl\/de\/wp-json\/wp\/v2\/comments?post=3955"}],"version-history":[{"count":1,"href":"https:\/\/www.vanderwees.nl\/de\/wp-json\/wp\/v2\/pages\/3955\/revisions"}],"predecessor-version":[{"id":3956,"href":"https:\/\/www.vanderwees.nl\/de\/wp-json\/wp\/v2\/pages\/3955\/revisions\/3956"}],"up":[{"embeddable":true,"href":"https:\/\/www.vanderwees.nl\/de\/wp-json\/wp\/v2\/pages\/3919"}],"wp:attachment":[{"href":"https:\/\/www.vanderwees.nl\/de\/wp-json\/wp\/v2\/media?parent=3955"}],"curies":[{"name":"wp","href":"https:\/\/api.w.org\/{rel}","templated":true}]}}