{"id":3976,"date":"2018-09-13T21:58:16","date_gmt":"2018-09-13T21:58:16","guid":{"rendered":"https:\/\/www.vanderwees.nl\/new\/over\/"},"modified":"2024-10-21T12:53:45","modified_gmt":"2024-10-21T11:53:45","slug":"uberuns","status":"publish","type":"page","link":"https:\/\/www.vanderwees.nl\/de\/uberuns\/","title":{"rendered":"\u00dcber uns"},"content":{"rendered":"<p><strong>Die Koninklijke Van der Wees Gruppe wurde 1907 in Delft gegr\u00fcndet und bot damals einen regelm\u00e4\u00dfigen Versanddienst von Den Haag nach Dordrecht \u00fcber Delft und Rotterdam an. Schon bald wurden die Aktivit\u00e4ten auf den Spezialtransport von schweren und sperrigen G\u00fctern auf Stra\u00dfe und Wasser ausgeweitet. Heute konzentrieren wir uns auf weltweite Spezialtransporte.<\/strong><\/p>\n<p>Wir \u00fcbernehmen alle Transporte, die wir mit unserer Ausr\u00fcstung durchf\u00fchren k\u00f6nnen. Und das ist eine ganze Menge. Stra\u00dfentransporte bis zu einer max. L\u00e4nge von 36 m, Spezialtransporte auf dem Wasser oder Lagerung und Umschlag von Containern, St\u00fcckgut, Stahlrohren und Spundw\u00e4nden k\u00f6nnen von Van der Wees durchgef\u00fchrt werden. Dabei kann es sich z.B. um den Transport von Generatoren handeln \u2013 ein wachsender Markt dank der steigenden Nachfrage nach erneuerbaren Energiequellen. Auch die Errichtung einer neuen Br\u00fccke geh\u00f6rt dank unserer umfangreichen Flotte von Pontons, Schleppern und Schubbooten zu den M\u00f6glichkeiten. Mit unserem 550 m langen Kai bieten wir viele Lager- und Umschlagm\u00f6glichkeiten. Unser geschlossenes Au\u00dfenlager mit 90.000 m2 und die 9.000 m2 gro\u00dfe Lagerhalle vermieten wir gern f\u00fcr die Lagerung Ihres Materials.<\/p>\n<p>Van der Wees entwickelt sich st\u00e4ndig weiter und sucht kontinuierlich nach neuen M\u00f6glichkeiten. Durch die Kombination aus Fachwissen, erfahrenen Mitarbeitern und eigenem Material sind wir handlungsf\u00e4hig und kundenorientiert. Mit der direkten Verbindung zur A16 &#8211; E19, einem Gleisanschluss vor der T\u00fcr und dem Kai direkt an der Oude Maas bieten wir eine Spitzenlage. Kommen Sie gern einmal vorbei. Unsere T\u00fcr steht immer offen!<\/p>\n","protected":false},"excerpt":{"rendered":"<p>Die Koninklijke Van der Wees Gruppe wurde 1907 in Delft gegr\u00fcndet und bot damals einen regelm\u00e4\u00dfigen Versanddienst von Den Haag nach Dordrecht \u00fcber Delft und Rotterdam an. Schon bald wurden die Aktivit\u00e4ten auf den Spezialtransport von schweren und sperrigen G\u00fctern auf Stra\u00dfe und Wasser ausgeweitet. &hellip;<\/p>\n","protected":false},"author":1,"featured_media":2357,"parent":0,"menu_order":37,"comment_status":"closed","ping_status":"closed","template":"page-about.php","meta":{"_acf_changed":false,"footnotes":""},"class_list":["post-3976","page","type-page","status-publish","has-post-thumbnail","hentry"],"acf":[],"_links":{"self":[{"href":"https:\/\/www.vanderwees.nl\/de\/wp-json\/wp\/v2\/pages\/3976"}],"collection":[{"href":"https:\/\/www.vanderwees.nl\/de\/wp-json\/wp\/v2\/pages"}],"about":[{"href":"https:\/\/www.vanderwees.nl\/de\/wp-json\/wp\/v2\/types\/page"}],"author":[{"embeddable":true,"href":"https:\/\/www.vanderwees.nl\/de\/wp-json\/wp\/v2\/users\/1"}],"replies":[{"embeddable":true,"href":"https:\/\/www.vanderwees.nl\/de\/wp-json\/wp\/v2\/comments?post=3976"}],"version-history":[{"count":4,"href":"https:\/\/www.vanderwees.nl\/de\/wp-json\/wp\/v2\/pages\/3976\/revisions"}],"predecessor-version":[{"id":4710,"href":"https:\/\/www.vanderwees.nl\/de\/wp-json\/wp\/v2\/pages\/3976\/revisions\/4710"}],"wp:featuredmedia":[{"embeddable":true,"href":"https:\/\/www.vanderwees.nl\/de\/wp-json\/wp\/v2\/media\/2357"}],"wp:attachment":[{"href":"https:\/\/www.vanderwees.nl\/de\/wp-json\/wp\/v2\/media?parent=3976"}],"curies":[{"name":"wp","href":"https:\/\/api.w.org\/{rel}","templated":true}]}}