{"id":222,"date":"2018-10-02T14:39:02","date_gmt":"2018-10-02T14:39:02","guid":{"rendered":"https:\/\/www.vanderwees.nl\/new\/?page_id=222"},"modified":"2024-07-26T08:19:37","modified_gmt":"2024-07-26T08:19:37","slug":"haven-terreinen","status":"publish","type":"page","link":"https:\/\/www.vanderwees.nl\/nl\/expertises\/logistiek\/haven-terreinen\/","title":{"rendered":"Haven &#038; Terreinen"},"content":{"rendered":"<p><strong>Een kade in eigen beheer, een afgesloten buitenopslagterrein en vele vierkante meters loodsruimte; de haven en terreinen van Van der Wees bieden veel mogelijkheden.<\/strong><\/p>\n<p>In tegenstelling tot andere havens in Dordrecht, die onder Port of Rotterdam vallen, heeft Van der Wees heeft haar kade in eigen beheer. Naast de kraanactiviteiten wordt de kade gebruikt voor het begassen en ontgassen van containers. Wij beschikken over een begassingsvergunning en stellen regelmatig enkele vierkante meters van de kade beschikbaar voor begassingsactiviteiten. Niet alleen voor containers maar ook voor lichters en duwbakken.<\/p>\n<p>We beschikken daarnaast over een afgesloten buitenopslagterrein van 90.000 vierkante meter en 9000 vierkante meter loodsruimte, die verhuurd of gebruikt wordt als opslag van materiaal van veelal handelsmaatschappijen.<\/p>\n<p><strong>A quay under our own management, an enclosed outdoor storage area and several square metres of warehouse space; the port and grounds of Van der Wees offer a whole host of possibilities.<\/strong><\/p>\n<p>Unlike other ports in Dordrecht, which fall under Port of Rotterdam, Van der Wees has its own quay under its own management. In addition to the crane activities, the quay is used for the gassing and degassing of containers. We hold a fumigation permit and regularly make a few square metres of the quay available for fumigation activities. both for containers and also for barges and pusher craft.<\/p>\n<p>We also have an enclosed outdoor storage area measuring 90,000 square metres along with 9000 square metres of warehouse space, which is rented out or used as storage for material from mostly trading companies.<\/p>\n<p><strong>Ein Kai in Eigenregie, ein abgesperrtes Au\u00dfenlager und viele Quadratmeter an Lagerfl\u00e4che &#8211; der Hafen und das Gel\u00e4nde von Van der Wees bieten zahlreiche M\u00f6glichkeiten.<\/strong><\/p>\n<p>Im Gegensatz zu anderen H\u00e4fen in Dordrecht, die zum Port of Rotterdam geh\u00f6ren, verwaltet Van der Wees seinen Kai in Eigenregie. Neben den Kranaktivit\u00e4ten wird der Kai zur Be- und Entgasung von Containern genutzt. Wir verf\u00fcgen \u00fcber eine Begasungserlaubnis und stellen regelm\u00e4\u00dfig einige Quadratmeter des Kais f\u00fcr Begasungsaktivit\u00e4ten zur Verf\u00fcgung. Nicht nur f\u00fcr Container, sondern auch f\u00fcr Lastk\u00e4hne und Schubboote. <\/p>\n<p>Des Weiteren verf\u00fcgen wir \u00fcber ein 90.000 Quadratmeter gro\u00dfes, abgesperrtes Au\u00dfenlager und 9.000 Quadratmeter Lagerfl\u00e4che, die zur Lagerung von Material von gr\u00f6\u00dftenteils Handelsgesellschaften vermietet oder verwendet werden kann.<\/p>\n","protected":false},"excerpt":{"rendered":"<p>Een kade in eigen beheer, een afgesloten buitenopslagterrein en vele vierkante meters loodsruimte; de haven en terreinen van Van der Wees bieden veel mogelijkheden. In tegenstelling tot andere havens in Dordrecht, die onder Port of Rotterdam vallen, heeft Van der Wees heeft haar kade in &hellip;<\/p>\n","protected":false},"author":1,"featured_media":596,"parent":98,"menu_order":9,"comment_status":"closed","ping_status":"closed","template":"","meta":{"_acf_changed":false,"footnotes":""},"class_list":["post-222","page","type-page","status-publish","has-post-thumbnail","hentry"],"acf":[],"_links":{"self":[{"href":"https:\/\/www.vanderwees.nl\/nl\/wp-json\/wp\/v2\/pages\/222"}],"collection":[{"href":"https:\/\/www.vanderwees.nl\/nl\/wp-json\/wp\/v2\/pages"}],"about":[{"href":"https:\/\/www.vanderwees.nl\/nl\/wp-json\/wp\/v2\/types\/page"}],"author":[{"embeddable":true,"href":"https:\/\/www.vanderwees.nl\/nl\/wp-json\/wp\/v2\/users\/1"}],"replies":[{"embeddable":true,"href":"https:\/\/www.vanderwees.nl\/nl\/wp-json\/wp\/v2\/comments?post=222"}],"version-history":[{"count":18,"href":"https:\/\/www.vanderwees.nl\/nl\/wp-json\/wp\/v2\/pages\/222\/revisions"}],"predecessor-version":[{"id":2290,"href":"https:\/\/www.vanderwees.nl\/nl\/wp-json\/wp\/v2\/pages\/222\/revisions\/2290"}],"up":[{"embeddable":true,"href":"https:\/\/www.vanderwees.nl\/nl\/wp-json\/wp\/v2\/pages\/98"}],"wp:featuredmedia":[{"embeddable":true,"href":"https:\/\/www.vanderwees.nl\/nl\/wp-json\/wp\/v2\/media\/596"}],"wp:attachment":[{"href":"https:\/\/www.vanderwees.nl\/nl\/wp-json\/wp\/v2\/media?parent=222"}],"curies":[{"name":"wp","href":"https:\/\/api.w.org\/{rel}","templated":true}]}}